{"id":100,"date":"2023-01-11T23:34:10","date_gmt":"2023-01-11T23:34:10","guid":{"rendered":"https:\/\/discom.pl\/?page_id=100"},"modified":"2023-01-12T01:34:52","modified_gmt":"2023-01-12T01:34:52","slug":"instalacje-rtv-sat-iptv","status":"publish","type":"page","link":"https:\/\/www.discom.pl\/index.php\/instalacje-rtv-sat-iptv\/","title":{"rendered":"Instalacje RTV\/SAT\/IPTV"},"content":{"rendered":"\n<figure class=\"wp-block-image size-large\"><img loading=\"lazy\" decoding=\"async\" width=\"1024\" height=\"511\" src=\"http:\/\/discom.pl\/wp-content\/uploads\/2023\/01\/instalacje_rtv-1024x511.jpg\" alt=\"\" class=\"wp-image-132\" srcset=\"https:\/\/www.discom.pl\/wp-content\/uploads\/2023\/01\/instalacje_rtv-1024x511.jpg 1024w, https:\/\/www.discom.pl\/wp-content\/uploads\/2023\/01\/instalacje_rtv-300x150.jpg 300w, https:\/\/www.discom.pl\/wp-content\/uploads\/2023\/01\/instalacje_rtv-768x383.jpg 768w, https:\/\/www.discom.pl\/wp-content\/uploads\/2023\/01\/instalacje_rtv-1000x499.jpg 1000w, https:\/\/www.discom.pl\/wp-content\/uploads\/2023\/01\/instalacje_rtv-230x115.jpg 230w, https:\/\/www.discom.pl\/wp-content\/uploads\/2023\/01\/instalacje_rtv-350x175.jpg 350w, https:\/\/www.discom.pl\/wp-content\/uploads\/2023\/01\/instalacje_rtv-480x239.jpg 480w, https:\/\/www.discom.pl\/wp-content\/uploads\/2023\/01\/instalacje_rtv.jpg 1359w\" sizes=\"auto, (max-width: 1024px) 100vw, 1024px\" \/><\/figure>\n\n\n\n<p>Wykonujemy wszelkiego rodzaju instalacje naziemnej telewizji cyfrowej DVB-T, DVB-C, radiowe oraz satelitarne DVB-S, DVB-S2 . Dzi\u0119ki stosowaniu sprz\u0119tu najwy\u017cszej jako\u015bci, nasze instalacje charakteryzuj\u0105 si\u0119 minimaln\u0105 awaryjno\u015bci\u0105 oraz nie zmienno\u015bci\u0105 parametr\u00f3w odbioru. W swojej ofercie posiadamy ka\u017cdy element, umo\u017cliwiaj\u0105cy stworzenie profesjonalnej instalacji telewizyjnej, zar\u00f3wno w ma\u0142ym domu, jak i w du\u017cych obiektach, takich jak pensjonaty, hotele, o\u015brodki zdrowia itp -monta\u017c oraz ustawianie anten satelitarnych (NC+, Polsat, Orange, FTA)<br>-monta\u017c oraz ustawianie anten telewizyjnych DVB-T (MUX-1, MUX-2, MUX-3, MUX-8)<br>-monta\u017c anten radiowych (FM, DAB)<br>-wykonywanie rozbudowanych instalacji multiswitchowych<br>-wykonywanie instalacji zbiorczych<br>-wykonywanie instalacji hotelowych<br>-pomiary sygna\u0142u<br>-projektowanie instalacji<br>-naprawy i modernizacje<\/p>\n","protected":false},"excerpt":{"rendered":"<p>Wykonujemy wszelkiego rodzaju instalacje naziemnej telewizji cyfrowej DVB-T, DVB-C, radiowe oraz satelitarne DVB-S, DVB-S2 . Dzi\u0119ki stosowaniu sprz\u0119tu najwy\u017cszej jako\u015bci, nasze instalacje charakteryzuj\u0105 si\u0119 minimaln\u0105 &hellip;<\/p>\n","protected":false},"author":1,"featured_media":0,"parent":0,"menu_order":0,"comment_status":"closed","ping_status":"closed","template":"","meta":{"footnotes":""},"class_list":["post-100","page","type-page","status-publish","hentry"],"_links":{"self":[{"href":"https:\/\/www.discom.pl\/index.php\/wp-json\/wp\/v2\/pages\/100","targetHints":{"allow":["GET"]}}],"collection":[{"href":"https:\/\/www.discom.pl\/index.php\/wp-json\/wp\/v2\/pages"}],"about":[{"href":"https:\/\/www.discom.pl\/index.php\/wp-json\/wp\/v2\/types\/page"}],"author":[{"embeddable":true,"href":"https:\/\/www.discom.pl\/index.php\/wp-json\/wp\/v2\/users\/1"}],"replies":[{"embeddable":true,"href":"https:\/\/www.discom.pl\/index.php\/wp-json\/wp\/v2\/comments?post=100"}],"version-history":[{"count":2,"href":"https:\/\/www.discom.pl\/index.php\/wp-json\/wp\/v2\/pages\/100\/revisions"}],"predecessor-version":[{"id":133,"href":"https:\/\/www.discom.pl\/index.php\/wp-json\/wp\/v2\/pages\/100\/revisions\/133"}],"wp:attachment":[{"href":"https:\/\/www.discom.pl\/index.php\/wp-json\/wp\/v2\/media?parent=100"}],"curies":[{"name":"wp","href":"https:\/\/api.w.org\/{rel}","templated":true}]}}