{"id":147,"date":"2023-01-29T22:51:28","date_gmt":"2023-01-29T22:51:28","guid":{"rendered":"https:\/\/www.discom.pl\/?page_id=147"},"modified":"2023-01-29T22:51:28","modified_gmt":"2023-01-29T22:51:28","slug":"dokumenty","status":"publish","type":"page","link":"https:\/\/www.discom.pl\/index.php\/dokumenty\/","title":{"rendered":"Dokumenty"},"content":{"rendered":"\n<h2 class=\"has-text-align-center wp-block-heading\"><strong>Umowa o \u015bwiadczenie us\u0142ug dost\u0119pu do internetu <\/strong><\/h2>\n\n\n\n<div class=\"wp-block-file style=\" text-align:=\"\" center;\"=\"\"><a href=\"https:\/\/www.discom.pl\/wp-content\/uploads\/2023\/01\/Umowa-F.H.U.-DISCOM-2023.doc\">Umowa F.H.U. DISCOM 2023.doc<\/a><a id=\"wp-block-file--media-820c9add-fed8-4145-bb0f-706ea8f3436f\" href=\"https:\/\/www.discom.pl\/wp-content\/uploads\/2023\/01\/Umowa-F.H.U.-DISCOM-2023.pdf\"><\/a><\/div>\n\n\n\n<div class=\"wp-block-file style=\" text-align:=\"\" center;\"=\"\"><a href=\"https:\/\/www.discom.pl\/wp-content\/uploads\/2023\/01\/Umowa-F.H.U.-DISCOM-2023.pdf\">Umowa F.H.U. DISCOM 2023.pdf<\/a><a id=\"wp-block-file--media-820c9add-fed8-4145-bb0f-706ea8f3436f\" href=\"https:\/\/www.discom.pl\/wp-content\/uploads\/2023\/01\/Umowa-F.H.U.-DISCOM-2023.pdf\"><\/a><\/div>\n","protected":false},"excerpt":{"rendered":"<p>Umowa o \u015bwiadczenie us\u0142ug dost\u0119pu do internetu Umowa F.H.U. DISCOM 2023.pdf<\/p>\n","protected":false},"author":1,"featured_media":0,"parent":0,"menu_order":0,"comment_status":"closed","ping_status":"closed","template":"","meta":{"footnotes":""},"class_list":["post-147","page","type-page","status-publish","hentry"],"_links":{"self":[{"href":"https:\/\/www.discom.pl\/index.php\/wp-json\/wp\/v2\/pages\/147","targetHints":{"allow":["GET"]}}],"collection":[{"href":"https:\/\/www.discom.pl\/index.php\/wp-json\/wp\/v2\/pages"}],"about":[{"href":"https:\/\/www.discom.pl\/index.php\/wp-json\/wp\/v2\/types\/page"}],"author":[{"embeddable":true,"href":"https:\/\/www.discom.pl\/index.php\/wp-json\/wp\/v2\/users\/1"}],"replies":[{"embeddable":true,"href":"https:\/\/www.discom.pl\/index.php\/wp-json\/wp\/v2\/comments?post=147"}],"version-history":[{"count":19,"href":"https:\/\/www.discom.pl\/index.php\/wp-json\/wp\/v2\/pages\/147\/revisions"}],"predecessor-version":[{"id":167,"href":"https:\/\/www.discom.pl\/index.php\/wp-json\/wp\/v2\/pages\/147\/revisions\/167"}],"wp:attachment":[{"href":"https:\/\/www.discom.pl\/index.php\/wp-json\/wp\/v2\/media?parent=147"}],"curies":[{"name":"wp","href":"https:\/\/api.w.org\/{rel}","templated":true}]}}