{"id":51,"date":"2023-01-11T23:43:21","date_gmt":"2023-01-11T23:43:21","guid":{"rendered":"https:\/\/discom.pl\/?page_id=51"},"modified":"2023-01-12T01:37:07","modified_gmt":"2023-01-12T01:37:07","slug":"elektryka","status":"publish","type":"page","link":"https:\/\/www.discom.pl\/index.php\/elektryka\/","title":{"rendered":"Elektryka"},"content":{"rendered":"\n<figure class=\"wp-block-image size-large\"><img loading=\"lazy\" decoding=\"async\" width=\"1024\" height=\"683\" src=\"http:\/\/discom.pl\/wp-content\/uploads\/2023\/01\/15674907200-1024x683.jpg\" alt=\"\" class=\"wp-image-134\" srcset=\"https:\/\/www.discom.pl\/wp-content\/uploads\/2023\/01\/15674907200-1024x683.jpg 1024w, https:\/\/www.discom.pl\/wp-content\/uploads\/2023\/01\/15674907200-300x200.jpg 300w, https:\/\/www.discom.pl\/wp-content\/uploads\/2023\/01\/15674907200-768x512.jpg 768w, https:\/\/www.discom.pl\/wp-content\/uploads\/2023\/01\/15674907200-1000x667.jpg 1000w, https:\/\/www.discom.pl\/wp-content\/uploads\/2023\/01\/15674907200-230x153.jpg 230w, https:\/\/www.discom.pl\/wp-content\/uploads\/2023\/01\/15674907200-350x233.jpg 350w, https:\/\/www.discom.pl\/wp-content\/uploads\/2023\/01\/15674907200-480x320.jpg 480w, https:\/\/www.discom.pl\/wp-content\/uploads\/2023\/01\/15674907200.jpg 1200w\" sizes=\"auto, (max-width: 1024px) 100vw, 1024px\" \/><\/figure>\n\n\n\n<div class=\"wp-block-group\"><div class=\"wp-block-group__inner-container is-layout-constrained wp-block-group-is-layout-constrained\">\n<ol class=\"wp-block-list\">\n<li><strong>Monta\u017cu instalacji elektrycznych w domach jedno i wielorodzinnych<\/strong><\/li>\n\n\n\n<li><strong>Wymiany i monta\u017cu instalacji elektrycznej w mieszkaniach i domach<\/strong><\/li>\n\n\n\n<li><strong>Monta\u017cu instalacji na placach bud\u00f3w \u2013 tymczasowych<\/strong><\/li>\n\n\n\n<li><strong>Instalacji o\u015bwietleniowych tradycyjnych i LED-owych w tym o\u015bwietlenie ogrod\u00f3w, plac\u00f3w, boisk<\/strong><\/li>\n\n\n\n<li><strong>Wymiany skrzynki bezpiecznikowej<\/strong><\/li>\n\n\n\n<li><strong>Wymiany tablicy elektrycznej<\/strong><\/li>\n\n\n\n<li><strong>Instalacji wy\u0142\u0105cznik\u00f3w r\u00f3\u017cnicowopr\u0105dowych<\/strong><\/li>\n\n\n\n<li><strong>Wykrywania pr\u0105du up\u0142ywu i eliminowania nieuzasadnionych wy\u0142\u0105cze\u0144 wy\u0142\u0105cznik\u00f3w r\u00f3\u017cnicowopr\u0105dowych<\/strong><\/li>\n\n\n\n<li><strong>Wymiany licznika elektrycznego<\/strong><\/li>\n\n\n\n<li><strong>Pod\u0142\u0105czenia \u017cyrandola<\/strong><\/li>\n\n\n\n<li><strong>Monta\u017cu halogen\u00f3w<\/strong><\/li>\n\n\n\n<li><strong>Pod\u0142\u0105czenia kuchenki elektrycznej<\/strong><\/li>\n\n\n\n<li><strong>Pod\u0142\u0105czenia p\u0142yty indukcyjnej<\/strong><\/li>\n\n\n\n<li><strong>Pod\u0142\u0105czenia p\u0142yty elektrycznej<\/strong><\/li>\n\n\n\n<li><strong>Pod\u0142\u0105czania p\u0142yty grzejnej, AGD<\/strong><\/li>\n\n\n\n<li><strong>Remont\u00f3w i konserwacji istniej\u0105cych instalacji elektrycznych<\/strong><\/li>\n\n\n\n<li><strong>Monta\u017cu fotowoltaiki<\/strong><\/li>\n<\/ol>\n\n\n\n<p><strong>Nasza firma dba o to aby wykonane przez nas elektroinstalacje spe\u0142nia\u0142y wszelkie normy elektryczne, by\u0142y bezpieczne i s\u0142u\u017cy\u0142y bezawaryjnie klientom.<\/strong><br><strong>Instalacje elektryczne montowane przez nas posiadaj\u0105 wszystkie niezb\u0119dne zabezpieczenia:<\/strong><\/p>\n\n\n\n<ol class=\"wp-block-list\">\n<li><strong>zabezpieczenia przed pora\u017ceniem elektrycznym<\/strong><\/li>\n\n\n\n<li><strong>zabezpieczenia przed pr\u0105dami zwarciowymi<\/strong><\/li>\n\n\n\n<li><strong>zabezpieczenia przed przeci\u0105\u017ceniem instalacji<\/strong><\/li>\n\n\n\n<li><strong>zabezpieczone przed skutkami cieplnymi przep\u0142ywu pr\u0105du<\/strong><\/li>\n\n\n\n<li><strong>zabezpieczenia przed przepi\u0119ciami<\/strong><\/li>\n\n\n\n<li><strong>zabezpieczenia instalacji elektrycznej przed skutkami wy\u0142adowa\u0144 atmosferycznych<\/strong><\/li>\n<\/ol>\n<\/div><\/div>\n","protected":false},"excerpt":{"rendered":"<p>Nasza firma dba o to aby wykonane przez nas elektroinstalacje spe\u0142nia\u0142y wszelkie normy elektryczne, by\u0142y bezpieczne i s\u0142u\u017cy\u0142y bezawaryjnie klientom.Instalacje elektryczne montowane przez nas posiadaj\u0105 &hellip;<\/p>\n","protected":false},"author":1,"featured_media":0,"parent":0,"menu_order":0,"comment_status":"closed","ping_status":"closed","template":"","meta":{"footnotes":""},"class_list":["post-51","page","type-page","status-publish","hentry"],"_links":{"self":[{"href":"https:\/\/www.discom.pl\/index.php\/wp-json\/wp\/v2\/pages\/51","targetHints":{"allow":["GET"]}}],"collection":[{"href":"https:\/\/www.discom.pl\/index.php\/wp-json\/wp\/v2\/pages"}],"about":[{"href":"https:\/\/www.discom.pl\/index.php\/wp-json\/wp\/v2\/types\/page"}],"author":[{"embeddable":true,"href":"https:\/\/www.discom.pl\/index.php\/wp-json\/wp\/v2\/users\/1"}],"replies":[{"embeddable":true,"href":"https:\/\/www.discom.pl\/index.php\/wp-json\/wp\/v2\/comments?post=51"}],"version-history":[{"count":4,"href":"https:\/\/www.discom.pl\/index.php\/wp-json\/wp\/v2\/pages\/51\/revisions"}],"predecessor-version":[{"id":135,"href":"https:\/\/www.discom.pl\/index.php\/wp-json\/wp\/v2\/pages\/51\/revisions\/135"}],"wp:attachment":[{"href":"https:\/\/www.discom.pl\/index.php\/wp-json\/wp\/v2\/media?parent=51"}],"curies":[{"name":"wp","href":"https:\/\/api.w.org\/{rel}","templated":true}]}}