{"id":53,"date":"2023-01-11T23:14:02","date_gmt":"2023-01-11T23:14:02","guid":{"rendered":"https:\/\/discom.pl\/?page_id=53"},"modified":"2023-01-12T01:15:33","modified_gmt":"2023-01-12T01:15:33","slug":"hydraulika","status":"publish","type":"page","link":"https:\/\/www.discom.pl\/index.php\/hydraulika\/","title":{"rendered":"Hydraulika"},"content":{"rendered":"\n<h2 class=\"wp-block-heading\">Zakres \u015bwiadczonych us\u0142ug:<\/h2>\n\n\n\n<figure class=\"wp-block-image size-full\"><img loading=\"lazy\" decoding=\"async\" width=\"922\" height=\"645\" src=\"http:\/\/discom.pl\/wp-content\/uploads\/2023\/01\/Depositphotos_442581318_l-2015-1024x645-landscape.jpg\" alt=\"\" class=\"wp-image-93\" srcset=\"https:\/\/www.discom.pl\/wp-content\/uploads\/2023\/01\/Depositphotos_442581318_l-2015-1024x645-landscape.jpg 922w, https:\/\/www.discom.pl\/wp-content\/uploads\/2023\/01\/Depositphotos_442581318_l-2015-1024x645-landscape-300x210.jpg 300w, https:\/\/www.discom.pl\/wp-content\/uploads\/2023\/01\/Depositphotos_442581318_l-2015-1024x645-landscape-768x537.jpg 768w\" sizes=\"auto, (max-width: 922px) 100vw, 922px\" \/><\/figure>\n\n\n\n<ul class=\"wp-block-list\">\n<li>naprawa instalacji hydraulicznej,<\/li>\n\n\n\n<li>instalacji wodno-kanalizacyjnych,<\/li>\n\n\n\n<li>uk\u0142adanie pod\u0142og\u00f3wki,<\/li>\n\n\n\n<li>instalacji CO,<\/li>\n\n\n\n<li>przer\u00f3bki i&nbsp;modernizacja instalacji hydraulicznych,<\/li>\n\n\n\n<li>instalacji kolektor\u00f3w s\u0142onecznych,<\/li>\n\n\n\n<li>udra\u017cnianie rur,<\/li>\n\n\n\n<li>usuwanie wyciek\u00f3w,<\/li>\n\n\n\n<li>likwidacja awarii sanitarnych,<\/li>\n\n\n\n<li>naprawy kran\u00f3w i&nbsp;baterii \u0142azienkowych,<\/li>\n\n\n\n<li>pod\u0142\u0105czanie pralek i&nbsp;zmywarek,<\/li>\n\n\n\n<li>zak\u0142adanie zlew\u00f3w, toalet, brodzik\u00f3w, kabin prysznicowych itd.<\/li>\n<\/ul>\n\n\n\n<figure class=\"wp-block-image size-large\"><img loading=\"lazy\" decoding=\"async\" width=\"1024\" height=\"680\" src=\"http:\/\/discom.pl\/wp-content\/uploads\/2023\/01\/pipes-2672184_1920-1024x680.jpg\" alt=\"\" class=\"wp-image-91\" srcset=\"https:\/\/www.discom.pl\/wp-content\/uploads\/2023\/01\/pipes-2672184_1920-1024x680.jpg 1024w, https:\/\/www.discom.pl\/wp-content\/uploads\/2023\/01\/pipes-2672184_1920-300x199.jpg 300w, https:\/\/www.discom.pl\/wp-content\/uploads\/2023\/01\/pipes-2672184_1920-768x510.jpg 768w, https:\/\/www.discom.pl\/wp-content\/uploads\/2023\/01\/pipes-2672184_1920-1536x1020.jpg 1536w, https:\/\/www.discom.pl\/wp-content\/uploads\/2023\/01\/pipes-2672184_1920.jpg 1920w\" sizes=\"auto, (max-width: 1024px) 100vw, 1024px\" \/><\/figure>\n","protected":false},"excerpt":{"rendered":"<p>Zakres \u015bwiadczonych us\u0142ug:<\/p>\n","protected":false},"author":1,"featured_media":0,"parent":0,"menu_order":0,"comment_status":"closed","ping_status":"closed","template":"","meta":{"footnotes":""},"class_list":["post-53","page","type-page","status-publish","hentry"],"_links":{"self":[{"href":"https:\/\/www.discom.pl\/index.php\/wp-json\/wp\/v2\/pages\/53","targetHints":{"allow":["GET"]}}],"collection":[{"href":"https:\/\/www.discom.pl\/index.php\/wp-json\/wp\/v2\/pages"}],"about":[{"href":"https:\/\/www.discom.pl\/index.php\/wp-json\/wp\/v2\/types\/page"}],"author":[{"embeddable":true,"href":"https:\/\/www.discom.pl\/index.php\/wp-json\/wp\/v2\/users\/1"}],"replies":[{"embeddable":true,"href":"https:\/\/www.discom.pl\/index.php\/wp-json\/wp\/v2\/comments?post=53"}],"version-history":[{"count":6,"href":"https:\/\/www.discom.pl\/index.php\/wp-json\/wp\/v2\/pages\/53\/revisions"}],"predecessor-version":[{"id":120,"href":"https:\/\/www.discom.pl\/index.php\/wp-json\/wp\/v2\/pages\/53\/revisions\/120"}],"wp:attachment":[{"href":"https:\/\/www.discom.pl\/index.php\/wp-json\/wp\/v2\/media?parent=53"}],"curies":[{"name":"wp","href":"https:\/\/api.w.org\/{rel}","templated":true}]}}