{"id":67,"date":"2023-01-11T23:08:13","date_gmt":"2023-01-11T23:08:13","guid":{"rendered":"https:\/\/discom.pl\/?page_id=67"},"modified":"2023-01-12T01:29:50","modified_gmt":"2023-01-12T01:29:50","slug":"systemy-alarmowy","status":"publish","type":"page","link":"https:\/\/www.discom.pl\/index.php\/systemy-alarmowy\/","title":{"rendered":"Systemy alarmowy"},"content":{"rendered":"\n<h3 class=\"wp-block-heading\">Nasza oferta<\/h3>\n\n\n\n<figure class=\"wp-block-image size-full\"><img loading=\"lazy\" decoding=\"async\" width=\"485\" height=\"339\" src=\"http:\/\/discom.pl\/wp-content\/uploads\/2023\/01\/casa-domotica.jpg\" alt=\"\" class=\"wp-image-130\" srcset=\"https:\/\/www.discom.pl\/wp-content\/uploads\/2023\/01\/casa-domotica.jpg 485w, https:\/\/www.discom.pl\/wp-content\/uploads\/2023\/01\/casa-domotica-300x210.jpg 300w, https:\/\/www.discom.pl\/wp-content\/uploads\/2023\/01\/casa-domotica-230x161.jpg 230w, https:\/\/www.discom.pl\/wp-content\/uploads\/2023\/01\/casa-domotica-350x245.jpg 350w, https:\/\/www.discom.pl\/wp-content\/uploads\/2023\/01\/casa-domotica-480x336.jpg 480w\" sizes=\"auto, (max-width: 485px) 100vw, 485px\" \/><\/figure>\n\n\n\n<p>Specjalistyczna instalacja alarmu w domu<\/p>\n\n\n\n<p>Przygotowanie obiektu pod instalacje alarmu&nbsp;<\/p>\n\n\n\n<p>Grupowe instalacje alarm\u00f3w sprz\u0119\u017conych w jeden system&nbsp;instalacja alarm\u00f3w w budynkach i obiektach o specjalistycznym przeznaczeniu&nbsp;<\/p>\n\n\n\n<p>Monta\u017c alarmu z podzia\u0142em na strefy&nbsp;<\/p>\n\n\n\n<p>Profesjonalna instalacja alarm\u00f3w Satel&nbsp;<\/p>\n\n\n\n<p>Szybka instalacja alarmu<\/p>\n\n\n\n<p>Zak\u0142adanie alarmu nawet w trudno dost\u0119pnych miejscach,<\/p>\n\n\n\n<p>Przygotowanie przewod\u00f3w pod instalacje alarmowe&nbsp;<\/p>\n\n\n\n<p>Instalacja systemu alarmowego przez profesjonalist\u00f3w z wieloletnim do\u015bwiadczeniem&nbsp;<\/p>\n\n\n\n<p>Profesjonalne i zgodne ze standardami jako\u015bci zak\u0142adanie alarmu<\/p>\n\n\n\n<p>Monta\u017c systemu alarmowego zgodnie ze specyfikacj\u0105 przygotowan\u0105 przez klienta<\/p>\n\n\n\n<p>&nbsp;Zak\u0142adanie alarm\u00f3w, kt\u00f3re b\u0119d\u0105 chroni\u0107 zar\u00f3wno pomieszczenia jak i teren zewn\u0119trzny&nbsp;<\/p>\n\n\n\n<p>Przygotowanie sieci LAN pod monta\u017c systemu monitoringu&nbsp;<\/p>\n\n\n\n<p>Monta\u017c kamer IP wed\u0142ug specyfikacji przygotowanej przez klienta&nbsp;<\/p>\n\n\n\n<p>Monta\u017c system\u00f3w alarmowych odpornych na zwierz\u0119ta&nbsp;Zak\u0142adanie alarm\u00f3w o specjalistycznym przeznaczeniu (wykrywanie po\u017car\u00f3w, zala\u0144)<\/p>\n\n\n\n<h3 class=\"wp-block-heading\">Dlaczego warto<\/h3>\n\n\n\n<p class=\"has-text-align-center\"><img decoding=\"async\" src=\"https:\/\/www.gama-instal.pl\/wp-content\/uploads\/2017\/01\/systemy-alarmowe2.jpg\"><\/p>\n\n\n\n<p>Instalacja systemu alarmowego to powa\u017cne przedsi\u0119wzi\u0119cie od kt\u00f3rego mo\u017ce zale\u017ce\u0107 zdrowie i mienie mieszka\u0144c\u00f3w czy firmy. Kompleksowy monta\u017c systemu alarmowego warto przeanalizowa\u0107 ze specjalist\u0105 w tej dziedzinie. Konfiguracja alarmu czy za\u0142o\u017cenie czujek do systemu alarmowego nie stanowi\u0105 jedynych przedsi\u0119wzi\u0119\u0107 zwi\u0105zanych z us\u0142ug\u0105 instalacji alarmu. Zamontowany system alarmowy powinien by\u0107 przygotowany do konkretnego obiektu. Instalacja systemu alarmowego w biurze b\u0119dzie diametralnie r\u00f3\u017cna od systemu alarmowego w domu, dlatego indywidualnie podchodzimy do ka\u017cdego monta\u017cu i instlacji alarmu.<\/p>\n","protected":false},"excerpt":{"rendered":"<p>Nasza oferta Specjalistyczna instalacja alarmu w domu Przygotowanie obiektu pod instalacje alarmu&nbsp; Grupowe instalacje alarm\u00f3w sprz\u0119\u017conych w jeden system&nbsp;instalacja alarm\u00f3w w budynkach i obiektach o &hellip;<\/p>\n","protected":false},"author":1,"featured_media":0,"parent":0,"menu_order":0,"comment_status":"closed","ping_status":"closed","template":"","meta":{"footnotes":""},"class_list":["post-67","page","type-page","status-publish","hentry"],"_links":{"self":[{"href":"https:\/\/www.discom.pl\/index.php\/wp-json\/wp\/v2\/pages\/67","targetHints":{"allow":["GET"]}}],"collection":[{"href":"https:\/\/www.discom.pl\/index.php\/wp-json\/wp\/v2\/pages"}],"about":[{"href":"https:\/\/www.discom.pl\/index.php\/wp-json\/wp\/v2\/types\/page"}],"author":[{"embeddable":true,"href":"https:\/\/www.discom.pl\/index.php\/wp-json\/wp\/v2\/users\/1"}],"replies":[{"embeddable":true,"href":"https:\/\/www.discom.pl\/index.php\/wp-json\/wp\/v2\/comments?post=67"}],"version-history":[{"count":7,"href":"https:\/\/www.discom.pl\/index.php\/wp-json\/wp\/v2\/pages\/67\/revisions"}],"predecessor-version":[{"id":131,"href":"https:\/\/www.discom.pl\/index.php\/wp-json\/wp\/v2\/pages\/67\/revisions\/131"}],"wp:attachment":[{"href":"https:\/\/www.discom.pl\/index.php\/wp-json\/wp\/v2\/media?parent=67"}],"curies":[{"name":"wp","href":"https:\/\/api.w.org\/{rel}","templated":true}]}}